{"id":1418,"date":"2018-11-08T07:13:41","date_gmt":"2018-11-08T13:13:41","guid":{"rendered":"https:\/\/minasalon.ca\/about-us\/"},"modified":"2025-02-16T13:26:18","modified_gmt":"2025-02-16T19:26:18","slug":"a-propos","status":"publish","type":"page","link":"https:\/\/minasalon.ca\/fr\/a-propos\/","title":{"rendered":"\u00c0 Propos"},"content":{"rendered":"\t\t<div data-elementor-type=\"wp-post\" data-elementor-id=\"1418\" class=\"elementor elementor-1418 elementor-112\" data-elementor-post-type=\"page\">\n\t\t\t\t\t\t<section class=\"elementor-section elementor-top-section elementor-element elementor-element-5063c798 elementor-section-content-middle elementor-section-boxed elementor-section-height-default elementor-section-height-default\" data-id=\"5063c798\" data-element_type=\"section\" data-e-type=\"section\" data-settings=\"{&quot;background_background&quot;:&quot;classic&quot;,&quot;jet_parallax_layout_list&quot;:[{&quot;jet_parallax_layout_image&quot;:{&quot;url&quot;:&quot;&quot;,&quot;id&quot;:&quot;&quot;,&quot;size&quot;:&quot;&quot;},&quot;_id&quot;:&quot;1979f73&quot;,&quot;jet_parallax_layout_image_tablet&quot;:{&quot;url&quot;:&quot;&quot;,&quot;id&quot;:&quot;&quot;,&quot;size&quot;:&quot;&quot;},&quot;jet_parallax_layout_image_mobile&quot;:{&quot;url&quot;:&quot;&quot;,&quot;id&quot;:&quot;&quot;,&quot;size&quot;:&quot;&quot;},&quot;jet_parallax_layout_speed&quot;:{&quot;unit&quot;:&quot;%&quot;,&quot;size&quot;:50,&quot;sizes&quot;:[]},&quot;jet_parallax_layout_type&quot;:&quot;scroll&quot;,&quot;jet_parallax_layout_direction&quot;:&quot;1&quot;,&quot;jet_parallax_layout_fx_direction&quot;:null,&quot;jet_parallax_layout_z_index&quot;:&quot;&quot;,&quot;jet_parallax_layout_bg_x&quot;:50,&quot;jet_parallax_layout_bg_x_tablet&quot;:&quot;&quot;,&quot;jet_parallax_layout_bg_x_mobile&quot;:&quot;&quot;,&quot;jet_parallax_layout_bg_y&quot;:50,&quot;jet_parallax_layout_bg_y_tablet&quot;:&quot;&quot;,&quot;jet_parallax_layout_bg_y_mobile&quot;:&quot;&quot;,&quot;jet_parallax_layout_bg_size&quot;:&quot;auto&quot;,&quot;jet_parallax_layout_bg_size_tablet&quot;:&quot;&quot;,&quot;jet_parallax_layout_bg_size_mobile&quot;:&quot;&quot;,&quot;jet_parallax_layout_animation_prop&quot;:&quot;transform&quot;,&quot;jet_parallax_layout_on&quot;:[&quot;desktop&quot;,&quot;tablet&quot;]}]}\">\n\t\t\t\t\t\t<div class=\"elementor-container elementor-column-gap-no\">\n\t\t\t\t\t<div class=\"elementor-column elementor-col-100 elementor-top-column elementor-element elementor-element-1f68a9e2\" data-id=\"1f68a9e2\" data-element_type=\"column\" data-e-type=\"column\">\n\t\t\t<div class=\"elementor-widget-wrap elementor-element-populated\">\n\t\t\t\t\t\t<div class=\"elementor-element elementor-element-11a348ef elementor-widget elementor-widget-text-editor\" data-id=\"11a348ef\" data-element_type=\"widget\" data-e-type=\"widget\" data-widget_type=\"text-editor.default\">\n\t\t\t\t<div class=\"elementor-widget-container\">\n\t\t\t\t\t\t\t\t\t<p>\u00c0 propos<\/p>\t\t\t\t\t\t\t\t<\/div>\n\t\t\t\t<\/div>\n\t\t\t\t<div class=\"elementor-element elementor-element-4c8f9872 elementor-widget elementor-widget-heading\" data-id=\"4c8f9872\" data-element_type=\"widget\" data-e-type=\"widget\" data-widget_type=\"heading.default\">\n\t\t\t\t<div class=\"elementor-widget-container\">\n\t\t\t\t\t<h3 class=\"elementor-heading-title elementor-size-default\">Mina Salon<\/h3>\t\t\t\t<\/div>\n\t\t\t\t<\/div>\n\t\t\t\t<div class=\"elementor-element elementor-element-66ab6023 elementor-widget-divider--separator-type-pattern elementor-widget-divider--view-line elementor-widget elementor-widget-divider\" data-id=\"66ab6023\" data-element_type=\"widget\" data-e-type=\"widget\" data-widget_type=\"divider.default\">\n\t\t\t\t<div class=\"elementor-widget-container\">\n\t\t\t\t\t\t\t<div class=\"elementor-divider\" style=\"--divider-pattern-url: url(&quot;data:image\/svg+xml,%3Csvg xmlns=&#039;http:\/\/www.w3.org\/2000\/svg&#039; preserveAspectRatio=&#039;none&#039; overflow=&#039;visible&#039; height=&#039;100%&#039; viewBox=&#039;0 0 24 24&#039; fill=&#039;none&#039; stroke=&#039;black&#039; stroke-width=&#039;2&#039; stroke-linecap=&#039;square&#039; stroke-miterlimit=&#039;10&#039;%3E%3Cpath d=&#039;M0,6c6,0,0.9,11.1,6.9,11.1S18,6,24,6&#039;\/%3E%3C\/svg%3E&quot;);\">\n\t\t\t<span class=\"elementor-divider-separator\">\n\t\t\t\t\t\t<\/span>\n\t\t<\/div>\n\t\t\t\t\t\t<\/div>\n\t\t\t\t<\/div>\n\t\t\t\t\t<\/div>\n\t\t<\/div>\n\t\t\t\t\t<\/div>\n\t\t<\/section>\n\t\t\t\t<section class=\"elementor-section elementor-top-section elementor-element elementor-element-a354895 elementor-section-boxed elementor-section-height-default elementor-section-height-default\" data-id=\"a354895\" data-element_type=\"section\" data-e-type=\"section\" data-settings=\"{&quot;jet_parallax_layout_list&quot;:[{&quot;jet_parallax_layout_image&quot;:{&quot;url&quot;:&quot;&quot;,&quot;id&quot;:&quot;&quot;,&quot;size&quot;:&quot;&quot;},&quot;_id&quot;:&quot;8b9d185&quot;,&quot;jet_parallax_layout_image_tablet&quot;:{&quot;url&quot;:&quot;&quot;,&quot;id&quot;:&quot;&quot;,&quot;size&quot;:&quot;&quot;},&quot;jet_parallax_layout_image_mobile&quot;:{&quot;url&quot;:&quot;&quot;,&quot;id&quot;:&quot;&quot;,&quot;size&quot;:&quot;&quot;},&quot;jet_parallax_layout_speed&quot;:{&quot;unit&quot;:&quot;%&quot;,&quot;size&quot;:50,&quot;sizes&quot;:[]},&quot;jet_parallax_layout_type&quot;:&quot;scroll&quot;,&quot;jet_parallax_layout_direction&quot;:&quot;1&quot;,&quot;jet_parallax_layout_fx_direction&quot;:null,&quot;jet_parallax_layout_z_index&quot;:&quot;&quot;,&quot;jet_parallax_layout_bg_x&quot;:50,&quot;jet_parallax_layout_bg_x_tablet&quot;:&quot;&quot;,&quot;jet_parallax_layout_bg_x_mobile&quot;:&quot;&quot;,&quot;jet_parallax_layout_bg_y&quot;:50,&quot;jet_parallax_layout_bg_y_tablet&quot;:&quot;&quot;,&quot;jet_parallax_layout_bg_y_mobile&quot;:&quot;&quot;,&quot;jet_parallax_layout_bg_size&quot;:&quot;auto&quot;,&quot;jet_parallax_layout_bg_size_tablet&quot;:&quot;&quot;,&quot;jet_parallax_layout_bg_size_mobile&quot;:&quot;&quot;,&quot;jet_parallax_layout_animation_prop&quot;:&quot;transform&quot;,&quot;jet_parallax_layout_on&quot;:[&quot;desktop&quot;,&quot;tablet&quot;]}]}\">\n\t\t\t\t\t\t<div class=\"elementor-container elementor-column-gap-default\">\n\t\t\t\t\t<div class=\"elementor-column elementor-col-100 elementor-top-column elementor-element elementor-element-3c89cc0\" data-id=\"3c89cc0\" data-element_type=\"column\" data-e-type=\"column\">\n\t\t\t<div class=\"elementor-widget-wrap elementor-element-populated\">\n\t\t\t\t\t\t<div class=\"elementor-element elementor-element-650de25 elementor-widget elementor-widget-text-editor\" data-id=\"650de25\" data-element_type=\"widget\" data-e-type=\"widget\" data-widget_type=\"text-editor.default\">\n\t\t\t\t<div class=\"elementor-widget-container\">\n\t\t\t\t\t\t\t\t\t<p>Salon Mina est un salon de beaut\u00e9 complet pour tous vos besoins esth\u00e9tiques.La cr\u00e9ation de cet espace beaut\u00e9 est n\u00e9e du d\u00e9sir de proposer des servicesde qualit\u00e9 sup\u00e9rieure et adorables sous un m\u00eame toit. Chez salon Mina,Proposons des services de coiffure, \u00e9pilation au fil et \u00e0 la cire, maquillage,ongles, extensions de cils, soins du visage\u2026vous le nommez, nos experts s\u2019occuperont de vous. Consultez notre site web pour plus d&rsquo;informations. En esp\u00e9rant vous voir bient\u00f4t. <img decoding=\"async\" class=\"emoji\" role=\"img\" draggable=\"false\" src=\"https:\/\/s.w.org\/images\/core\/emoji\/15.0.3\/svg\/1f60a.svg\" alt=\"\ud83d\ude0a\" \/><\/p>\t\t\t\t\t\t\t\t<\/div>\n\t\t\t\t<\/div>\n\t\t\t\t\t<\/div>\n\t\t<\/div>\n\t\t\t\t\t<\/div>\n\t\t<\/section>\n\t\t\t\t<section class=\"elementor-section elementor-top-section elementor-element elementor-element-96b1aa5 elementor-section-boxed elementor-section-height-default elementor-section-height-default\" data-id=\"96b1aa5\" data-element_type=\"section\" data-e-type=\"section\" data-settings=\"{&quot;jet_parallax_layout_list&quot;:[{&quot;jet_parallax_layout_image&quot;:{&quot;url&quot;:&quot;&quot;,&quot;id&quot;:&quot;&quot;,&quot;size&quot;:&quot;&quot;},&quot;_id&quot;:&quot;0eabed3&quot;,&quot;jet_parallax_layout_image_tablet&quot;:{&quot;url&quot;:&quot;&quot;,&quot;id&quot;:&quot;&quot;,&quot;size&quot;:&quot;&quot;},&quot;jet_parallax_layout_image_mobile&quot;:{&quot;url&quot;:&quot;&quot;,&quot;id&quot;:&quot;&quot;,&quot;size&quot;:&quot;&quot;},&quot;jet_parallax_layout_speed&quot;:{&quot;unit&quot;:&quot;%&quot;,&quot;size&quot;:50,&quot;sizes&quot;:[]},&quot;jet_parallax_layout_type&quot;:&quot;scroll&quot;,&quot;jet_parallax_layout_direction&quot;:&quot;1&quot;,&quot;jet_parallax_layout_fx_direction&quot;:null,&quot;jet_parallax_layout_z_index&quot;:&quot;&quot;,&quot;jet_parallax_layout_bg_x&quot;:50,&quot;jet_parallax_layout_bg_x_tablet&quot;:&quot;&quot;,&quot;jet_parallax_layout_bg_x_mobile&quot;:&quot;&quot;,&quot;jet_parallax_layout_bg_y&quot;:50,&quot;jet_parallax_layout_bg_y_tablet&quot;:&quot;&quot;,&quot;jet_parallax_layout_bg_y_mobile&quot;:&quot;&quot;,&quot;jet_parallax_layout_bg_size&quot;:&quot;auto&quot;,&quot;jet_parallax_layout_bg_size_tablet&quot;:&quot;&quot;,&quot;jet_parallax_layout_bg_size_mobile&quot;:&quot;&quot;,&quot;jet_parallax_layout_animation_prop&quot;:&quot;transform&quot;,&quot;jet_parallax_layout_on&quot;:[&quot;desktop&quot;,&quot;tablet&quot;]}]}\">\n\t\t\t\t\t\t<div class=\"elementor-container elementor-column-gap-default\">\n\t\t\t\t\t<div class=\"elementor-column elementor-col-100 elementor-top-column elementor-element elementor-element-0a0f54a\" data-id=\"0a0f54a\" data-element_type=\"column\" data-e-type=\"column\">\n\t\t\t<div class=\"elementor-widget-wrap elementor-element-populated\">\n\t\t\t\t\t\t<div class=\"elementor-element elementor-element-4396c1c elementor-widget elementor-widget-image\" data-id=\"4396c1c\" data-element_type=\"widget\" data-e-type=\"widget\" data-widget_type=\"image.default\">\n\t\t\t\t<div class=\"elementor-widget-container\">\n\t\t\t\t\t\t\t\t\t\t\t\t\t\t\t<img fetchpriority=\"high\" decoding=\"async\" width=\"800\" height=\"530\" src=\"https:\/\/minasalon.ca\/wp-content\/uploads\/2018\/12\/MinasAbout.jpg\" class=\"attachment-large size-large wp-image-1285\" alt=\"\" srcset=\"https:\/\/minasalon.ca\/wp-content\/uploads\/2018\/12\/MinasAbout.jpg 1000w, https:\/\/minasalon.ca\/wp-content\/uploads\/2018\/12\/MinasAbout-300x199.jpg 300w, https:\/\/minasalon.ca\/wp-content\/uploads\/2018\/12\/MinasAbout-768x509.jpg 768w\" sizes=\"(max-width: 800px) 100vw, 800px\" \/>\t\t\t\t\t\t\t\t\t\t\t\t\t\t\t<\/div>\n\t\t\t\t<\/div>\n\t\t\t\t\t<\/div>\n\t\t<\/div>\n\t\t\t\t\t<\/div>\n\t\t<\/section>\n\t\t\t\t<\/div>\n\t\t","protected":false},"excerpt":{"rendered":"<p>\u00c0 propos Mina Salon Salon Mina est un salon de beaut\u00e9 complet pour tous vos besoins esth\u00e9tiques.La cr\u00e9ation de cet espace beaut\u00e9 est n\u00e9e du d\u00e9sir de proposer des servicesde qualit\u00e9 sup\u00e9rieure et adorables sous un m\u00eame toit. Chez salon Mina,Proposons des services de coiffure, \u00e9pilation au fil et \u00e0 la cire, maquillage,ongles, extensions de [&hellip;]<\/p>\n","protected":false},"author":1,"featured_media":0,"parent":0,"menu_order":0,"comment_status":"closed","ping_status":"closed","template":"elementor_header_footer","meta":{"_monsterinsights_skip_tracking":false,"_monsterinsights_sitenote_active":false,"_monsterinsights_sitenote_note":"","_monsterinsights_sitenote_category":0,"footnotes":""},"class_list":["post-1418","page","type-page","status-publish","hentry"],"yoast_head":"<!-- This site is optimized with the Yoast SEO plugin v27.4 - https:\/\/yoast.com\/product\/yoast-seo-wordpress\/ -->\n<title>Mina Salon - \u00c0 Propos | Consult our services page to get more information<\/title>\n<meta name=\"description\" content=\"\u00c0 propos de nous - Mina Salon | Le Salon Mina est un lieu de beaut\u00e9 et de bien-\u00eatre \u00e0 Montr\u00e9al. La cr\u00e9ation de cet espace beaut\u00e9\" \/>\n<meta name=\"robots\" content=\"index, follow, max-snippet:-1, max-image-preview:large, max-video-preview:-1\" \/>\n<link rel=\"canonical\" href=\"https:\/\/minasalon.ca\/about-us\/\" \/>\n<meta property=\"og:locale\" content=\"fr_FR\" \/>\n<meta property=\"og:type\" content=\"article\" \/>\n<meta property=\"og:title\" content=\"Mina Salon - \u00c0 Propos | Consult our services page to get more information\" \/>\n<meta property=\"og:description\" content=\"\u00c0 propos de nous - Mina Salon | Le Salon Mina est un lieu de beaut\u00e9 et de bien-\u00eatre \u00e0 Montr\u00e9al. La cr\u00e9ation de cet espace beaut\u00e9\" \/>\n<meta property=\"og:url\" content=\"https:\/\/minasalon.ca\/about-us\/\" \/>\n<meta property=\"og:site_name\" content=\"Mina Salon\" \/>\n<meta property=\"article:publisher\" content=\"http:\/\/facebook.com\/minassalonndg\" \/>\n<meta property=\"article:modified_time\" content=\"2025-02-16T19:26:18+00:00\" \/>\n<meta property=\"og:image\" content=\"https:\/\/s.w.org\/images\/core\/emoji\/15.0.3\/svg\/1f60a.svg\" \/>\n<meta name=\"twitter:card\" content=\"summary_large_image\" \/>\n<meta name=\"twitter:label1\" content=\"Dur\u00e9e de lecture estim\u00e9e\" \/>\n\t<meta name=\"twitter:data1\" content=\"1 minute\" \/>\n<script type=\"application\/ld+json\" class=\"yoast-schema-graph\">{\"@context\":\"https:\\\/\\\/schema.org\",\"@graph\":[{\"@type\":\"WebPage\",\"@id\":\"https:\\\/\\\/minasalon.ca\\\/about-us\\\/\",\"url\":\"https:\\\/\\\/minasalon.ca\\\/about-us\\\/\",\"name\":\"Mina Salon - \u00c0 Propos | Consult our services page to get more information\",\"isPartOf\":{\"@id\":\"https:\\\/\\\/minasalon.ca\\\/#website\"},\"primaryImageOfPage\":{\"@id\":\"https:\\\/\\\/minasalon.ca\\\/about-us\\\/#primaryimage\"},\"image\":{\"@id\":\"https:\\\/\\\/minasalon.ca\\\/about-us\\\/#primaryimage\"},\"thumbnailUrl\":\"https:\\\/\\\/s.w.org\\\/images\\\/core\\\/emoji\\\/15.0.3\\\/svg\\\/1f60a.svg\",\"datePublished\":\"2018-11-08T13:13:41+00:00\",\"dateModified\":\"2025-02-16T19:26:18+00:00\",\"description\":\"\u00c0 propos de nous - Mina Salon | Le Salon Mina est un lieu de beaut\u00e9 et de bien-\u00eatre \u00e0 Montr\u00e9al. La cr\u00e9ation de cet espace beaut\u00e9\",\"breadcrumb\":{\"@id\":\"https:\\\/\\\/minasalon.ca\\\/about-us\\\/#breadcrumb\"},\"inLanguage\":\"fr-FR\",\"potentialAction\":[{\"@type\":\"ReadAction\",\"target\":[\"https:\\\/\\\/minasalon.ca\\\/about-us\\\/\"]}]},{\"@type\":\"ImageObject\",\"inLanguage\":\"fr-FR\",\"@id\":\"https:\\\/\\\/minasalon.ca\\\/about-us\\\/#primaryimage\",\"url\":\"https:\\\/\\\/s.w.org\\\/images\\\/core\\\/emoji\\\/15.0.3\\\/svg\\\/1f60a.svg\",\"contentUrl\":\"https:\\\/\\\/s.w.org\\\/images\\\/core\\\/emoji\\\/15.0.3\\\/svg\\\/1f60a.svg\"},{\"@type\":\"BreadcrumbList\",\"@id\":\"https:\\\/\\\/minasalon.ca\\\/about-us\\\/#breadcrumb\",\"itemListElement\":[{\"@type\":\"ListItem\",\"position\":1,\"name\":\"\u062e\u0627\u0646\u0647\",\"item\":\"https:\\\/\\\/minasalon.ca\\\/\"},{\"@type\":\"ListItem\",\"position\":2,\"name\":\"\u00c0 Propos\"}]},{\"@type\":\"WebSite\",\"@id\":\"https:\\\/\\\/minasalon.ca\\\/#website\",\"url\":\"https:\\\/\\\/minasalon.ca\\\/\",\"name\":\"Mina Salon\",\"description\":\"Beauty Salon\",\"publisher\":{\"@id\":\"https:\\\/\\\/minasalon.ca\\\/#organization\"},\"potentialAction\":[{\"@type\":\"SearchAction\",\"target\":{\"@type\":\"EntryPoint\",\"urlTemplate\":\"https:\\\/\\\/minasalon.ca\\\/?s={search_term_string}\"},\"query-input\":{\"@type\":\"PropertyValueSpecification\",\"valueRequired\":true,\"valueName\":\"search_term_string\"}}],\"inLanguage\":\"fr-FR\"},{\"@type\":\"Organization\",\"@id\":\"https:\\\/\\\/minasalon.ca\\\/#organization\",\"name\":\"Mina Salon\",\"url\":\"https:\\\/\\\/minasalon.ca\\\/\",\"logo\":{\"@type\":\"ImageObject\",\"inLanguage\":\"fr-FR\",\"@id\":\"https:\\\/\\\/minasalon.ca\\\/#\\\/schema\\\/logo\\\/image\\\/\",\"url\":\"https:\\\/\\\/secureservercdn.net\\\/104.238.68.196\\\/8bb.608.myftpupload.com\\\/wp-content\\\/uploads\\\/2018\\\/11\\\/fivicon.png?time=1630385056\",\"contentUrl\":\"https:\\\/\\\/secureservercdn.net\\\/104.238.68.196\\\/8bb.608.myftpupload.com\\\/wp-content\\\/uploads\\\/2018\\\/11\\\/fivicon.png?time=1630385056\",\"width\":58,\"height\":62,\"caption\":\"Mina Salon\"},\"image\":{\"@id\":\"https:\\\/\\\/minasalon.ca\\\/#\\\/schema\\\/logo\\\/image\\\/\"},\"sameAs\":[\"http:\\\/\\\/facebook.com\\\/minassalonndg\",\"http:\\\/\\\/instagram.com\\\/salonminandg\"]}]}<\/script>\n<!-- \/ Yoast SEO plugin. -->","yoast_head_json":{"title":"Mina Salon - \u00c0 Propos | Consult our services page to get more information","description":"\u00c0 propos de nous - Mina Salon | Le Salon Mina est un lieu de beaut\u00e9 et de bien-\u00eatre \u00e0 Montr\u00e9al. La cr\u00e9ation de cet espace beaut\u00e9","robots":{"index":"index","follow":"follow","max-snippet":"max-snippet:-1","max-image-preview":"max-image-preview:large","max-video-preview":"max-video-preview:-1"},"canonical":"https:\/\/minasalon.ca\/about-us\/","og_locale":"fr_FR","og_type":"article","og_title":"Mina Salon - \u00c0 Propos | Consult our services page to get more information","og_description":"\u00c0 propos de nous - Mina Salon | Le Salon Mina est un lieu de beaut\u00e9 et de bien-\u00eatre \u00e0 Montr\u00e9al. La cr\u00e9ation de cet espace beaut\u00e9","og_url":"https:\/\/minasalon.ca\/about-us\/","og_site_name":"Mina Salon","article_publisher":"http:\/\/facebook.com\/minassalonndg","article_modified_time":"2025-02-16T19:26:18+00:00","og_image":[{"url":"https:\/\/s.w.org\/images\/core\/emoji\/15.0.3\/svg\/1f60a.svg","type":"","width":"","height":""}],"twitter_card":"summary_large_image","twitter_misc":{"Dur\u00e9e de lecture estim\u00e9e":"1 minute"},"schema":{"@context":"https:\/\/schema.org","@graph":[{"@type":"WebPage","@id":"https:\/\/minasalon.ca\/about-us\/","url":"https:\/\/minasalon.ca\/about-us\/","name":"Mina Salon - \u00c0 Propos | Consult our services page to get more information","isPartOf":{"@id":"https:\/\/minasalon.ca\/#website"},"primaryImageOfPage":{"@id":"https:\/\/minasalon.ca\/about-us\/#primaryimage"},"image":{"@id":"https:\/\/minasalon.ca\/about-us\/#primaryimage"},"thumbnailUrl":"https:\/\/s.w.org\/images\/core\/emoji\/15.0.3\/svg\/1f60a.svg","datePublished":"2018-11-08T13:13:41+00:00","dateModified":"2025-02-16T19:26:18+00:00","description":"\u00c0 propos de nous - Mina Salon | Le Salon Mina est un lieu de beaut\u00e9 et de bien-\u00eatre \u00e0 Montr\u00e9al. La cr\u00e9ation de cet espace beaut\u00e9","breadcrumb":{"@id":"https:\/\/minasalon.ca\/about-us\/#breadcrumb"},"inLanguage":"fr-FR","potentialAction":[{"@type":"ReadAction","target":["https:\/\/minasalon.ca\/about-us\/"]}]},{"@type":"ImageObject","inLanguage":"fr-FR","@id":"https:\/\/minasalon.ca\/about-us\/#primaryimage","url":"https:\/\/s.w.org\/images\/core\/emoji\/15.0.3\/svg\/1f60a.svg","contentUrl":"https:\/\/s.w.org\/images\/core\/emoji\/15.0.3\/svg\/1f60a.svg"},{"@type":"BreadcrumbList","@id":"https:\/\/minasalon.ca\/about-us\/#breadcrumb","itemListElement":[{"@type":"ListItem","position":1,"name":"\u062e\u0627\u0646\u0647","item":"https:\/\/minasalon.ca\/"},{"@type":"ListItem","position":2,"name":"\u00c0 Propos"}]},{"@type":"WebSite","@id":"https:\/\/minasalon.ca\/#website","url":"https:\/\/minasalon.ca\/","name":"Mina Salon","description":"Beauty Salon","publisher":{"@id":"https:\/\/minasalon.ca\/#organization"},"potentialAction":[{"@type":"SearchAction","target":{"@type":"EntryPoint","urlTemplate":"https:\/\/minasalon.ca\/?s={search_term_string}"},"query-input":{"@type":"PropertyValueSpecification","valueRequired":true,"valueName":"search_term_string"}}],"inLanguage":"fr-FR"},{"@type":"Organization","@id":"https:\/\/minasalon.ca\/#organization","name":"Mina Salon","url":"https:\/\/minasalon.ca\/","logo":{"@type":"ImageObject","inLanguage":"fr-FR","@id":"https:\/\/minasalon.ca\/#\/schema\/logo\/image\/","url":"https:\/\/secureservercdn.net\/104.238.68.196\/8bb.608.myftpupload.com\/wp-content\/uploads\/2018\/11\/fivicon.png?time=1630385056","contentUrl":"https:\/\/secureservercdn.net\/104.238.68.196\/8bb.608.myftpupload.com\/wp-content\/uploads\/2018\/11\/fivicon.png?time=1630385056","width":58,"height":62,"caption":"Mina Salon"},"image":{"@id":"https:\/\/minasalon.ca\/#\/schema\/logo\/image\/"},"sameAs":["http:\/\/facebook.com\/minassalonndg","http:\/\/instagram.com\/salonminandg"]}]}},"_links":{"self":[{"href":"https:\/\/minasalon.ca\/fr\/wp-json\/wp\/v2\/pages\/1418","targetHints":{"allow":["GET"]}}],"collection":[{"href":"https:\/\/minasalon.ca\/fr\/wp-json\/wp\/v2\/pages"}],"about":[{"href":"https:\/\/minasalon.ca\/fr\/wp-json\/wp\/v2\/types\/page"}],"author":[{"embeddable":true,"href":"https:\/\/minasalon.ca\/fr\/wp-json\/wp\/v2\/users\/1"}],"replies":[{"embeddable":true,"href":"https:\/\/minasalon.ca\/fr\/wp-json\/wp\/v2\/comments?post=1418"}],"version-history":[{"count":11,"href":"https:\/\/minasalon.ca\/fr\/wp-json\/wp\/v2\/pages\/1418\/revisions"}],"predecessor-version":[{"id":1686,"href":"https:\/\/minasalon.ca\/fr\/wp-json\/wp\/v2\/pages\/1418\/revisions\/1686"}],"wp:attachment":[{"href":"https:\/\/minasalon.ca\/fr\/wp-json\/wp\/v2\/media?parent=1418"}],"curies":[{"name":"wp","href":"https:\/\/api.w.org\/{rel}","templated":true}]}}